{"id":64,"date":"2023-05-22T12:16:08","date_gmt":"2023-05-22T10:16:08","guid":{"rendered":"https:\/\/moonformacio.com\/index.php\/inici\/"},"modified":"2025-03-10T19:15:36","modified_gmt":"2025-03-10T17:15:36","slug":"inici","status":"publish","type":"page","link":"https:\/\/moonformacio.com\/es\/","title":{"rendered":"elearnmoon"},"content":{"rendered":"<div class=\"gb-container gb-container-b83a5eec alignfull\">\n<div class=\"gb-container gb-container-efbd9b2c\">\n<div class=\"gb-grid-wrapper gb-grid-wrapper-fc14bc4c\">\n<div class=\"gb-grid-column gb-grid-column-5fd9a50c\"><div class=\"gb-container gb-container-5fd9a50c\">\n\n<h1 class=\"gb-headline gb-headline-23a80132 gb-headline-text\">La plataforma<br>de aprendizaje <strong>virtual<\/strong><\/h1>\n\n<\/div><\/div>\n<\/div>\n<\/div>\n<\/div><div class=\"gb-container gb-container-dbbd7f23 alignfull\">\n<div class=\"gb-container gb-container-03233cbe\">\n\n<h2 class=\"gb-headline gb-headline-a002406b gb-headline-text\">MOON Formaci\u00f3n es una plataforma de aprendizaje virtual en la que encontrar\u00e1s toda la oferta formativa de MOON consultor\u00eda para que puedas formarte cuando y donde quieras.<br>A trav\u00e9s de esta Plataforma podr\u00e1s acceder a los cursos y formaciones en los que est\u00e9s inscrito o inscrita y toda la informaci\u00f3n, guiada paso a paso, con el fin de que organices tu propio proceso de aprendizaje.<\/h2>\n\n\n\n<p><br\/>Si eres una empresa o entidad interesada en nuestra oferta formativa virtual, contacta con nosotros y te informaremos tanto de nuestro cat\u00e1logo como de las acciones formativas a medida que podemos adaptar a vuestros objetivos y necesidades organizativas.<\/p>\n\n<\/div>\n<\/div>\n<p class=\"has-text-align-center\">Bienvenidos a elearnmoon<\/p>\n\n<figure class=\"gb-block-image gb-block-image-bada62f2\"><img loading=\"lazy\" decoding=\"async\" width=\"1181\" height=\"431\" class=\"gb-image gb-image-bada62f2\" src=\"https:\/\/moonformacio.com\/wp-content\/uploads\/2025\/03\/Logo-MOON-formacio.png\" srcset=\"https:\/\/moonformacio.com\/wp-content\/uploads\/2025\/03\/Logo-MOON-formacio.png 1181w, https:\/\/moonformacio.com\/wp-content\/uploads\/2025\/03\/Logo-MOON-formacio-300x109.png 300w, https:\/\/moonformacio.com\/wp-content\/uploads\/2025\/03\/Logo-MOON-formacio-1024x374.png 1024w, https:\/\/moonformacio.com\/wp-content\/uploads\/2025\/03\/Logo-MOON-formacio-768x280.png 768w, https:\/\/moonformacio.com\/wp-content\/uploads\/2025\/03\/Logo-MOON-formacio-100x36.png 100w\" sizes=\"auto, (max-width: 1181px) 100vw, 1181px\" \/><\/figure>\n","protected":false},"excerpt":{"rendered":"<p>MOON Formaci\u00f3n es una plataforma de aprendizaje virtual en la que encontrar\u00e1s toda la oferta formativa de MOON consultor\u00eda para que puedas formarte cuando y donde quieras.A trav\u00e9s de esta Plataforma podr\u00e1s acceder a los cursos y formaciones en los que est\u00e9s inscrito o inscrita y toda la informaci\u00f3n, guiada paso a paso, con el &#8230; <a title=\"elearnmoon\" class=\"read-more\" href=\"https:\/\/moonformacio.com\/es\/\" aria-label=\"Leer m\u00e1s sobre elearnmoon\">Leer m\u00e1s<\/a><\/p>\n","protected":false},"author":1,"featured_media":0,"parent":0,"menu_order":0,"comment_status":"closed","ping_status":"closed","template":"","meta":{"_acf_changed":false,"footnotes":""},"class_list":["post-64","page","type-page","status-publish"],"acf":[],"_links":{"self":[{"href":"https:\/\/moonformacio.com\/es\/wp-json\/wp\/v2\/pages\/64","targetHints":{"allow":["GET"]}}],"collection":[{"href":"https:\/\/moonformacio.com\/es\/wp-json\/wp\/v2\/pages"}],"about":[{"href":"https:\/\/moonformacio.com\/es\/wp-json\/wp\/v2\/types\/page"}],"author":[{"embeddable":true,"href":"https:\/\/moonformacio.com\/es\/wp-json\/wp\/v2\/users\/1"}],"replies":[{"embeddable":true,"href":"https:\/\/moonformacio.com\/es\/wp-json\/wp\/v2\/comments?post=64"}],"version-history":[{"count":20,"href":"https:\/\/moonformacio.com\/es\/wp-json\/wp\/v2\/pages\/64\/revisions"}],"predecessor-version":[{"id":3803,"href":"https:\/\/moonformacio.com\/es\/wp-json\/wp\/v2\/pages\/64\/revisions\/3803"}],"wp:attachment":[{"href":"https:\/\/moonformacio.com\/es\/wp-json\/wp\/v2\/media?parent=64"}],"curies":[{"name":"wp","href":"https:\/\/api.w.org\/{rel}","templated":true}]}}